{"id":86,"date":"2019-05-14T14:58:22","date_gmt":"2019-05-14T12:58:22","guid":{"rendered":"http:\/\/www.scfrasdorf.huth.net\/?page_id=86"},"modified":"2026-03-29T14:44:13","modified_gmt":"2026-03-29T12:44:13","slug":"turnen","status":"publish","type":"page","link":"http:\/\/www.scfrasdorf.de\/index.php\/turnen\/","title":{"rendered":"Abteilung Turnen"},"content":{"rendered":"\n<h5><\/h5>\n\n\n\n<h6><\/h6>\n\n\n\n<p>Mehr Infos zu den Kursen finden Sie in unten stehender \u00dcbersicht.<\/p>\n\n\n\n<p>    <\/p>\n\n\n\n<h6><strong>\u00dcbungsleiter gesucht!<\/strong><\/h6>\n\n\n\n<p>Der SC Frasdorf sucht \u00dcbungsleiter oder Sportbegeisterte, welche gerne eine Sportgruppe f\u00fcr Kinder oder Erwachsene anleiten w\u00fcrden. Ein \u00dcbungsleiterschein ist daf\u00fcr nicht Voraussetzung, kann aber \u00fcber den Verein erworben werden. Bei Interesse bitte anett.loth@lotex.de kontaktieren.<\/p>\n\n\n\n<p>     <\/p>\n\n\n\n<h6><strong>Volleyballer gesucht <\/strong><\/h6>\n\n\n\n<p>Wer hat Lust dienstags bei uns im Team mit Volleyball zu spielen? Infos und Anspechpartner <a href=\"http:\/\/www.scfrasdorf.de\/index.php\/turnen-volleyball\/\" target=\"_blank\" rel=\"noreferrer noopener\">hier<\/a>.<\/p>\n\n\n\n<div class=\"wp-block-columns\">\n<div class=\"wp-block-column\" style=\"flex-basis:100%\">\n<p>      <\/p>\n<\/div>\n<\/div>\n\n\n\n<h3>\u00dcbersicht der Kurse:<\/h3>\n\n\n\n<p>F\u00fcr weitere Kursinformationen klicken Sie in der Tabelle bitte auf das jeweilige Wort.&nbsp; <\/p>\n\n\n\n<figure class=\"wp-block-table is-style-stripes\"><table><tbody><tr><td><\/td><td><\/td><td><\/td><\/tr><tr><td><a aria-label=\"Stepp Aerobic (\u00f6ffnet in neuem Tab)\" rel=\"noreferrer noopener\" href=\"http:\/\/www.scfrasdorf.huth.net\/index.php\/turnen-step-aerobic\/\" target=\"_blank\">Step Aerobic<\/a><\/td><td>montags&nbsp;<br>18.30 &#8211; 20.00 Uhr <\/td><td>Findet statt <\/td><\/tr><tr><td> <a href=\"http:\/\/www.scfrasdorf.de\/index.php\/turnen-volleyball\/\" target=\"_blank\" rel=\"noreferrer noopener\">Volleyball<\/a><\/td><td>dienstags <br>19.30 &#8211; 20.30 Uhr <\/td><td>Findet statt<\/td><\/tr><tr><td><a aria-label=\"Kinderturnen (\u00f6ffnet in neuem Tab)\" href=\"http:\/\/www.scfrasdorf.huth.net\/index.php\/turnen-kinderturnen\/\" target=\"_blank\" rel=\"noreferrer noopener\">Kinderturnen<\/a><\/td><td>mittwochs<br>15.00 &#8211; 16.00 Uhr<\/td><td>Findet statt<\/td><\/tr><\/tbody><\/table><\/figure>\n\n\n\n<p>&nbsp;&nbsp; <\/p>\n\n\n\n<p>Die Kurse finden <strong>nicht<\/strong> in den bayerisch Schulferien statt! Infos zu den Schulferien finden Sie<a href=\"https:\/\/www.schulferien.org\/\"> hier<\/a>.<\/p>\n\n\n\n<h4>Ort:<\/h4>\n\n\n\n<p>Alle Kurse finden in der Turnhalle in Frasdorf statt: Hauptstra\u00dfe 22, 83112 Frasdorf.<\/p>\n\n\n\n<p>&nbsp;&nbsp;&nbsp; <\/p>\n\n\n<div id=\"lmm_aab329ac\" style=\"width:640px;\" class=\"mapsmarker markermap marker-2\">\n<div id=\"lmm_panel_aab329ac\" class=\"lmm-panel\" style=\"background:#efefef;\">\n<div id=\"lmm_panel_api_aab329ac\" class=\"lmm-panel-api\"><a href=\"https:\/\/maps.google.com\/maps?daddr=Frasdorf+Bayern%2C+Deutschland&amp;t=m&amp;layer=1&amp;doflg=ptk&amp;om=0\" target=\"_blank\" title=\"Wegbeschreibung berechnen\"><img alt=\"icon-car.png\" src=\"http:\/\/www.scfrasdorf.de\/wp-content\/plugins\/leaflet-maps-marker\/inc\/img\/icon-car.png\" width=\"14\" height=\"14\" class=\"lmm-panel-api-images\" \/><\/a><\/div><div id=\"lmm_panel_text_aab329ac\" class=\"lmm-panel-text\" style=\"font-weight:bold;color:#373737;\">&nbsp;<\/div><\/div>\n<div id=\"lmm_map_aab329ac\" class=\"lmm-map\" style=\"background:#f6f6f6;border:1px solid #ccc;height:480px; overflow:hidden;padding:0;\"><p style=\"font-size:80%;color:#9f9e9e;margin-left:5px;\">Karte wird geladen - bitte warten...<noscript><br\/><strong>Karte konnte nicht geladen werden - bitte aktivieren Sie Javascript!<\/strong><br\/><a style=\"text-decoration:none;\" href=\"https:\/\/www.mapsmarker.com\/js-disabled\" target=\"_blank\">&rarr; Weitere Informationen<\/a><\/noscript><\/p><\/div>\n<div id=\"lmm_geo_tags_aab329ac\" class=\"lmm-geo-tags geo\">\n<span class=\"paneltext\">&nbsp;<\/span>\n<span class=\"latitude\">47.802442<\/span>, <span class=\"longitude\">12.286061<\/span>\n<span class=\"popuptext\"><\/span>\n<\/div>\n<\/div>\n\n\n\n<h2><\/h2>\n\n\n\n<div class=\"wp-block-columns has-2-columns\">\n<div class=\"wp-block-column\">\n<p><\/p>\n<\/div>\n\n\n\n<div class=\"wp-block-column\">\n<p><\/p>\n<\/div>\n<\/div>\n\n\n\n<h4>Abteilungsleiterin:<\/h4>\n\n\n\n<div class=\"wp-block-columns has-3-columns\">\n<div class=\"wp-block-column\">\n<figure class=\"wp-block-image size-large is-resized\"><img loading=\"lazy\" src=\"http:\/\/www.scfrasdorf.de\/wp-content\/uploads\/2019\/06\/loth_annette.gif\" alt=\"\" class=\"wp-image-1053\" width=\"152\" height=\"203\"\/><\/figure>\n<\/div>\n\n\n\n<div class=\"wp-block-column\">\n<p>Anett Loth<\/p>\n\n\n\n<p>0176\/64708811<\/p>\n\n\n\n<p>anett.loth@lotex.de<\/p>\n<\/div>\n\n\n\n<div class=\"wp-block-column\">\n<p><\/p>\n<\/div>\n<\/div>\n\n\n\n<p>&nbsp;&nbsp;&nbsp;&nbsp; <\/p>\n\n\n\n<h4>Jahresbeitr\u00e4ge Turnen:<\/h4>\n\n\n\n<p>(zus\u00e4tzlich zum <a href=\"http:\/\/www.scfrasdorf.huth.net\/index.php\/mitgliedschaft\/\">Jahresvereinsbeitrag des SC Frasdorf<\/a>)<\/p>\n\n\n\n<figure class=\"wp-block-table is-style-stripes\"><table><tbody><tr><td> Erwachsene <\/td><td> 25,00 \u20ac  <\/td><\/tr><tr><td> Jugendliche (15 bis 18 Jahre) <\/td><td>15,00 \u20ac<\/td><\/tr><tr><td> Kinder bis 14 Jahre <\/td><td>15,00 \u20ac<\/td><\/tr><\/tbody><\/table><\/figure>\n","protected":false},"excerpt":{"rendered":"<p>Mehr Infos zu den Kursen finden Sie in unten stehender \u00dcbersicht. \u00dcbungsleiter gesucht! Der SC Frasdorf sucht \u00dcbungsleiter oder Sportbegeisterte, welche gerne eine Sportgruppe f\u00fcr Kinder oder Erwachsene anleiten w\u00fcrden. Ein \u00dcbungsleiterschein ist daf\u00fcr nicht Voraussetzung, kann aber \u00fcber den Verein erworben werden. Bei Interesse bitte anett.loth@lotex.de kontaktieren. Volleyballer gesucht [&hellip;]<\/p>\n","protected":false},"author":1,"featured_media":0,"parent":0,"menu_order":0,"comment_status":"closed","ping_status":"closed","template":"","meta":{"ngg_post_thumbnail":0},"_links":{"self":[{"href":"http:\/\/www.scfrasdorf.de\/index.php\/wp-json\/wp\/v2\/pages\/86"}],"collection":[{"href":"http:\/\/www.scfrasdorf.de\/index.php\/wp-json\/wp\/v2\/pages"}],"about":[{"href":"http:\/\/www.scfrasdorf.de\/index.php\/wp-json\/wp\/v2\/types\/page"}],"author":[{"embeddable":true,"href":"http:\/\/www.scfrasdorf.de\/index.php\/wp-json\/wp\/v2\/users\/1"}],"replies":[{"embeddable":true,"href":"http:\/\/www.scfrasdorf.de\/index.php\/wp-json\/wp\/v2\/comments?post=86"}],"version-history":[{"count":90,"href":"http:\/\/www.scfrasdorf.de\/index.php\/wp-json\/wp\/v2\/pages\/86\/revisions"}],"predecessor-version":[{"id":5216,"href":"http:\/\/www.scfrasdorf.de\/index.php\/wp-json\/wp\/v2\/pages\/86\/revisions\/5216"}],"wp:attachment":[{"href":"http:\/\/www.scfrasdorf.de\/index.php\/wp-json\/wp\/v2\/media?parent=86"}],"curies":[{"name":"wp","href":"https:\/\/api.w.org\/{rel}","templated":true}]}}