{"id":77,"date":"2019-05-14T14:56:20","date_gmt":"2019-05-14T12:56:20","guid":{"rendered":"http:\/\/www.scfrasdorf.huth.net\/?page_id=77"},"modified":"2023-09-25T15:46:36","modified_gmt":"2023-09-25T13:46:36","slug":"sponsoren","status":"publish","type":"page","link":"http:\/\/www.scfrasdorf.de\/index.php\/sponsoren\/","title":{"rendered":"Sponsoren"},"content":{"rendered":"\n<p>Der SC Frasdorf e.V. bedankt sich recht herzlich bei seinen Sponsoren f\u00fcr die stetige Unterst\u00fctzung !<br><\/p>\n\n\n\n<ul><li><a rel=\"noreferrer noopener\" href=\"https:\/\/www.anderlbauer.de\/\" target=\"_blank\">K\u00e4serei Anderlbauer J. Huber<\/a> , Frasdorf <\/li><li><a rel=\"noreferrer noopener\" href=\"https:\/\/www.metzgerei-bauer-fdf.de\/\" target=\"_blank\">Metzgerei J. Bauer<\/a>, Frasdorf <\/li><li> Autoservice Bichler, Umratshausen  <\/li><li><a rel=\"noreferrer noopener\" aria-label=\"E-Werk Rupert Buchauer (\u00f6ffnet in neuem Tab)\" href=\"https:\/\/ewerk-buchauer.de\/\" target=\"_blank\">E-Werk Rupert Buchauer<\/a>, Frasdorf<\/li><li> Elektro Buchauer, Frasdorf  <\/li><li><a rel=\"noreferrer noopener\" aria-label=\"Heizung - Sanit\u00e4r J. Fischer (\u00f6ffnet in neuem Tab)\" href=\"https:\/\/www.fischer-frasdorf.de\/\" target=\"_blank\">Heizung &#8211; Sanit\u00e4r Josef Fischer<\/a>, Frasdorf<\/li><li>Sanit\u00e4rinstallation Thomas Fischer, Frasdorf<\/li><li><a rel=\"noreferrer noopener\" aria-label=\"Zimmerei Gmeiner (\u00f6ffnet in neuem Tab)\" href=\"http:\/\/www.zimmerei-gmeiner.com\/willkommen\/?no_cache=1\" target=\"_blank\">Zimmerei Gmeiner<\/a>, Frasdorf<\/li><li><a rel=\"noreferrer noopener\" aria-label=\"Zimmerei G\u00f6ttlinger (\u00f6ffnet in neuem Tab)\" href=\"https:\/\/www.zimmerei-goettlinger.de\/\" target=\"_blank\">Zimmerei G\u00f6ttlinger<\/a>, Frasdorf<\/li><li><a rel=\"noreferrer noopener\" aria-label=\"Brennerei Guggenbichler (\u00f6ffnet in neuem Tab)\" href=\"https:\/\/www.edelbrandmanufaktur.com\/\" target=\"_blank\">Brennerei Guggenbichler<\/a>, Frasdorf<\/li><li><a rel=\"noreferrer noopener\" aria-label=\"Fahrschule Guggenbichler (\u00f6ffnet in neuem Tab)\" href=\"http:\/\/www.fahrschuleguggenbichler.de\/\" target=\"_blank\">Fahrschule Guggenbichler<\/a>, Frasdorf<\/li><li>Transporte Gumpertsberger, Frasdorf <\/li><li><a rel=\"noreferrer noopener\" aria-label=\"Autolackiererei Gurtner (\u00f6ffnet in neuem Tab)\" href=\"http:\/\/www.autolackiererei-gurtner.de\/\" target=\"_blank\">Autolackiererei Gurtner<\/a>, Frasdorf<\/li><li>Zimmerei Hamberger, Frasdorf<\/li><li>Spritzn H\u00e4usl Frasdorf <\/li><li><a rel=\"noreferrer noopener\" aria-label=\"Akkustikbau Heinrich &amp; Sick GmbH (\u00f6ffnet in neuem Tab)\" href=\"https:\/\/www.heinrich-sick.de\/\" target=\"_blank\">Akkustikbau Heinrich &amp; Sick GmbH<\/a>, Frasdorf<\/li><li><a rel=\"noreferrer noopener\" aria-label=\" (\u00f6ffnet in neuem Tab)\" href=\"http:\/\/www.huth.net\" target=\"_blank\">ACC electronic HUTH<\/a>, Frasdorf <\/li><li><a rel=\"noreferrer noopener\" aria-label=\"Sportgesch\u00e4ft Kaiser (\u00f6ffnet in neuem Tab)\" href=\"https:\/\/www.sport-kaiser.de\/\" target=\"_blank\">Sportgesch\u00e4ft Kaiser<\/a>, Prien<\/li><li> Bauunternehmen Kotter, Frasdorf <\/li><li><a rel=\"noreferrer noopener\" aria-label=\"Friseur L\u00f6ffler (\u00f6ffnet in neuem Tab)\" href=\"https:\/\/www.friseur-loeffler.de\/\" target=\"_blank\">Friseur L\u00f6ffler<\/a>, Aschau<\/li><li><a rel=\"noreferrer noopener\" href=\"https:\/\/loewenbraeu.de\/\" target=\"_blank\">Brauerei L\u00f6wenbr\u00e4u<\/a> <\/li><li><a rel=\"noreferrer noopener\" href=\"http:\/\/www.obermayer-gmbh.de\/start.html\" target=\"_blank\">Betonbohrungen Obermayer<\/a>, Frasdorf <\/li><li>Bauunternehmen Ofner, Frasdorf<\/li><li>Allianz Versicherung Prankl, Rohrdorf<\/li><li><a rel=\"noreferrer noopener\" href=\"https:\/\/www.rb-as.de\/wir-fuer-sie\/filialen-ansprechpartner\/filialen\/filialsuche\/geschaeftsstelle-frasdorf.html\" target=\"_blank\">Raiffeisenbank<\/a>, Frasdorf <\/li><li>Elektrikfachbetrieb Ramsauer &amp; Schattenhofer, Frasdorf<\/li><li><a rel=\"noreferrer noopener\" href=\"https:\/\/www.ramsl-landhandel.de\/\" target=\"_blank\">Landhandel Ramsl<\/a>, Frasdorf <\/li><li><a rel=\"noreferrer noopener\" href=\"https:\/\/www.richter-spielgeraete.de\/\" target=\"_blank\">Richter Spielger\u00e4te GmbH<\/a>, Frasdorf <\/li><li><a rel=\"noreferrer noopener\" href=\"http:\/\/www.russwurm-shop.de\/\" target=\"_blank\">Pfannen Ru\u00dfwurm<\/a>, Frasdorf <\/li><li>Bauunternehmen Sailer Andreas, Frasdorf<\/li><li>Zimmerei Schlosser, Frasdorf <\/li><li><a rel=\"noreferrer noopener\" href=\"https:\/\/ra-schluttenhofer.de\/\" target=\"_blank\">Rechtsanwaltskanzlei Schluttenhofer<\/a>, Rosenheim <\/li><li>Bauunternehmen Siebler &amp; Weber, Frasdorf<\/li><li><a rel=\"noreferrer noopener\" href=\"https:\/\/www.sparkasse.de\/filialen\/f\/sparkasse-rosenheim-bad-aibling-geschaeftsstelle-frasdorf\/10937.html\" target=\"_blank\">Sparkasse<\/a>, Frasdorf <\/li><li><a rel=\"noreferrer noopener\" aria-label=\"Bauunternehmen Staber (\u00f6ffnet in neuem Tab)\" href=\"http:\/\/www.staberbau.de\/\" target=\"_blank\">Bauunternehmen Staber<\/a>, Frasdorf<\/li><li><a rel=\"noreferrer noopener\" href=\"https:\/\/condition-steigenberger.de\/\" target=\"_blank\">Condition Steigenberger Sportfachgesch\u00e4ft<\/a>, Aschau <\/li><li>Heizungsbau Stein, Frasdorf<\/li><li><a rel=\"noreferrer noopener\" aria-label=\"Zimmerei Wagner (\u00f6ffnet in neuem Tab)\" href=\"http:\/\/www.zimmerei-wagner.eu\/\" target=\"_blank\">Zimmerei Wagner<\/a>, Frasdorf<\/li><li><a rel=\"noreferrer noopener\" aria-label=\"Getr\u00e4nkemarkt Waldherr (\u00f6ffnet in neuem Tab)\" href=\"https:\/\/getrankefachmarkt-ralph-waldherr.business.site\/?utm_source=gmb&amp;utm_medium=referral\" target=\"_blank\">Getr\u00e4nkemarkt Waldherr<\/a>, Frasdorf<\/li><li>Edeka Waltner, Frasdorf<\/li><li><a rel=\"noreferrer noopener\" aria-label=\"Autohaus Wohlschlager (\u00f6ffnet in neuem Tab)\" href=\"https:\/\/www.ford-wohlschlager-rohrdorf.de\/\" target=\"_blank\">Autohaus Wohlschlager<\/a>, Rohrdorf<\/li><\/ul>\n\n\n\n<p><\/p>\n\n\n\n<h2>Spendenkonto<\/h2>\n\n\n\n<p>Ski-Club Frasdorf<br>IBAN: DE91 7115 0000 0000 1773 37<\/p>\n\n\n\n<h2><\/h2>\n","protected":false},"excerpt":{"rendered":"<p>Der SC Frasdorf e.V. bedankt sich recht herzlich bei seinen Sponsoren f\u00fcr die stetige Unterst\u00fctzung ! K\u00e4serei Anderlbauer J. Huber , Frasdorf Metzgerei J. Bauer, Frasdorf Autoservice Bichler, Umratshausen E-Werk Rupert Buchauer, Frasdorf Elektro Buchauer, Frasdorf Heizung &#8211; Sanit\u00e4r Josef Fischer, Frasdorf Sanit\u00e4rinstallation Thomas Fischer, Frasdorf Zimmerei Gmeiner, Frasdorf Zimmerei [&hellip;]<\/p>\n","protected":false},"author":1,"featured_media":0,"parent":0,"menu_order":0,"comment_status":"closed","ping_status":"closed","template":"","meta":{"ngg_post_thumbnail":0},"_links":{"self":[{"href":"http:\/\/www.scfrasdorf.de\/index.php\/wp-json\/wp\/v2\/pages\/77"}],"collection":[{"href":"http:\/\/www.scfrasdorf.de\/index.php\/wp-json\/wp\/v2\/pages"}],"about":[{"href":"http:\/\/www.scfrasdorf.de\/index.php\/wp-json\/wp\/v2\/types\/page"}],"author":[{"embeddable":true,"href":"http:\/\/www.scfrasdorf.de\/index.php\/wp-json\/wp\/v2\/users\/1"}],"replies":[{"embeddable":true,"href":"http:\/\/www.scfrasdorf.de\/index.php\/wp-json\/wp\/v2\/comments?post=77"}],"version-history":[{"count":37,"href":"http:\/\/www.scfrasdorf.de\/index.php\/wp-json\/wp\/v2\/pages\/77\/revisions"}],"predecessor-version":[{"id":4558,"href":"http:\/\/www.scfrasdorf.de\/index.php\/wp-json\/wp\/v2\/pages\/77\/revisions\/4558"}],"wp:attachment":[{"href":"http:\/\/www.scfrasdorf.de\/index.php\/wp-json\/wp\/v2\/media?parent=77"}],"curies":[{"name":"wp","href":"https:\/\/api.w.org\/{rel}","templated":true}]}}