{"id":607,"date":"2019-05-25T12:06:26","date_gmt":"2019-05-25T10:06:26","guid":{"rendered":"http:\/\/www.scfrasdorf.huth.net\/?page_id=607"},"modified":"2019-08-06T20:29:11","modified_gmt":"2019-08-06T18:29:11","slug":"anfahrt","status":"publish","type":"page","link":"http:\/\/www.scfrasdorf.de\/index.php\/anfahrt\/","title":{"rendered":"Anfahrt"},"content":{"rendered":"\n<p>Hier finden Sie die Sportanlage des SC Frasdorf:<\/p>\n\n\n<div id=\"lmm_94c6464f\" style=\"width:640px;\" class=\"mapsmarker markermap marker-1\">\n<div id=\"lmm_panel_94c6464f\" class=\"lmm-panel\" style=\"background:#efefef;\">\n<div id=\"lmm_panel_api_94c6464f\" class=\"lmm-panel-api\"><a href=\"https:\/\/maps.google.com\/maps?daddr=Frasdorf+Bayern%2C+Deutschland&amp;t=m&amp;layer=1&amp;doflg=ptk&amp;om=0\" target=\"_blank\" title=\"Wegbeschreibung berechnen\"><img alt=\"icon-car.png\" src=\"http:\/\/www.scfrasdorf.de\/wp-content\/plugins\/leaflet-maps-marker\/inc\/img\/icon-car.png\" width=\"14\" height=\"14\" class=\"lmm-panel-api-images\" \/><\/a><\/div><div id=\"lmm_panel_text_94c6464f\" class=\"lmm-panel-text\" style=\"font-weight:bold;color:#373737;\">SC Frasdorf Sportanlage<\/div><\/div>\n<div id=\"lmm_map_94c6464f\" class=\"lmm-map\" style=\"background:#f6f6f6;border:1px solid #ccc;height:480px; overflow:hidden;padding:0;\"><p style=\"font-size:80%;color:#9f9e9e;margin-left:5px;\">Karte wird geladen - bitte warten...<noscript><br\/><strong>Karte konnte nicht geladen werden - bitte aktivieren Sie Javascript!<\/strong><br\/><a style=\"text-decoration:none;\" href=\"https:\/\/www.mapsmarker.com\/js-disabled\" target=\"_blank\">&rarr; Weitere Informationen<\/a><\/noscript><\/p><\/div>\n<div id=\"lmm_geo_tags_94c6464f\" class=\"lmm-geo-tags geo\">\n<span class=\"paneltext\">SC Frasdorf Sportanlage<\/span>\n<span class=\"latitude\">47.798123<\/span>, <span class=\"longitude\">12.299141<\/span>\n<span class=\"popuptext\"><\/span>\n<\/div>\n<\/div>\n\n\n\n<p><br><\/p>\n\n\n\n<p>Sportheim SC Frasdorf<\/p>\n\n\n\n<p>Aschauer Stra\u00dfe<br>83112 Frasdorf<\/p>\n\n\n\n<h4>Anfahrtsbeschreibung:<\/h4>\n\n\n\n<p>Aus Richtung Frasdorf (Ort):<br><br>Bei der Kreuzung ausw\u00e4rts von Frasdorf (Hauptstra\u00dfe &#8211; Aschauer Stra\u00dfe) biegen Sie rechts in Richtung Aschau ab. Sie fahren an der Autobahnauffahrt Richtung Salzburg und an der Shell Tankstelle vorbei. Nach ca. 700 Meter biegen Sie rechts auf den Parkplatz ab, wo einige Parkpl\u00e4atze zur Verf\u00fcgung stehen. Anschlie\u00dfend sind es noch ca. 150 Meter bis zum  Sportheim des SC Frasdorf e.V., das sich auf der anderen Stra\u00dfenseite des Parkplatzes befindet.<br><br>Aus Richtung Aschau:<br><br>Sie fahren von Aschau in Richtung Frasdorf (Rosenheimer Stra\u00dfe). Anschlie\u00dfend fahren Sie die ST2093 weiter vorbei am Fellerer durch ein kurzes Waldst\u00fcck. Nach dem Waldst\u00fcck fahren Sie noch ca. 350 Meter weiter und biegen dann links auf den Parkplatz ab. Dort stehen einige Parkpl\u00e4tze zur Verf\u00fcgung. Anschlie\u00dfend sind es noch ca. 150 Meter bis zum  Sportheim des SC  Frasdorf e.V., das sich auf der anderen Stra\u00dfenseite des Parkplatzes  befindet. <\/p>\n\n\n\n<p><br><\/p>\n","protected":false},"excerpt":{"rendered":"<p>Hier finden Sie die Sportanlage des SC Frasdorf: Sportheim SC Frasdorf Aschauer Stra\u00dfe83112 Frasdorf Anfahrtsbeschreibung: Aus Richtung Frasdorf (Ort): Bei der Kreuzung ausw\u00e4rts von Frasdorf (Hauptstra\u00dfe &#8211; Aschauer Stra\u00dfe) biegen Sie rechts in Richtung Aschau ab. Sie fahren an der Autobahnauffahrt Richtung Salzburg und an der Shell Tankstelle vorbei. Nach [&hellip;]<\/p>\n","protected":false},"author":1,"featured_media":0,"parent":0,"menu_order":0,"comment_status":"closed","ping_status":"closed","template":"","meta":{"ngg_post_thumbnail":0},"_links":{"self":[{"href":"http:\/\/www.scfrasdorf.de\/index.php\/wp-json\/wp\/v2\/pages\/607"}],"collection":[{"href":"http:\/\/www.scfrasdorf.de\/index.php\/wp-json\/wp\/v2\/pages"}],"about":[{"href":"http:\/\/www.scfrasdorf.de\/index.php\/wp-json\/wp\/v2\/types\/page"}],"author":[{"embeddable":true,"href":"http:\/\/www.scfrasdorf.de\/index.php\/wp-json\/wp\/v2\/users\/1"}],"replies":[{"embeddable":true,"href":"http:\/\/www.scfrasdorf.de\/index.php\/wp-json\/wp\/v2\/comments?post=607"}],"version-history":[{"count":6,"href":"http:\/\/www.scfrasdorf.de\/index.php\/wp-json\/wp\/v2\/pages\/607\/revisions"}],"predecessor-version":[{"id":2956,"href":"http:\/\/www.scfrasdorf.de\/index.php\/wp-json\/wp\/v2\/pages\/607\/revisions\/2956"}],"wp:attachment":[{"href":"http:\/\/www.scfrasdorf.de\/index.php\/wp-json\/wp\/v2\/media?parent=607"}],"curies":[{"name":"wp","href":"https:\/\/api.w.org\/{rel}","templated":true}]}}