{"id":4273,"date":"2022-11-26T13:35:03","date_gmt":"2022-11-26T12:35:03","guid":{"rendered":"http:\/\/www.scfrasdorf.de\/?page_id=4273"},"modified":"2022-11-26T13:35:04","modified_gmt":"2022-11-26T12:35:04","slug":"audi-schanzer-fussballcamp","status":"publish","type":"page","link":"http:\/\/www.scfrasdorf.de\/index.php\/audi-schanzer-fussballcamp\/","title":{"rendered":"Audi Schanzer Fu\u00dfballcamp: gro\u00dfer Erfolg"},"content":{"rendered":"\n<p>In den Sommerferien fand in Frasdorf ein Fu\u00dfballcamp in Zusammenarbeit mit der Audi Schanzer Fu\u00dfballschule des FC Ingolstadt 04 statt.<br>Die fu\u00dfballbegeisterten Jungs und M\u00e4dchen \u00fcbten sich in Dribbling, Passspiel und Torschuss. Zur St\u00e4rkung wurden sie mittags von der Metzgerei Johann Bauer mit allerlei K\u00f6stlichkeiten versorgt. In der Pause standen auch kleine R\u00e4tsel und Spiele auf dem Plan, ehe es zur zweiten Trainingseinheit ging. Am letzten Tag durften die Kinder den Eltern zeigen was sie k\u00f6nnen: \u201eKlein gegen Gro\u00df\u201c hie\u00df es beim Abschlussspiel!<br>Auch 2023 wird das Camp wieder stattfinden:<br><strong>Beim SC Frasdorf am Sportplatz Frasdorf vom 21.08. \u2013 25.08.2023.<\/strong><br>Bei unserem Partner Verein dem SV S\u00f6llhuben am Sportplatz S\u00f6llhuben vom 31.07. \u2013 04.08.2023.\u00a0\u00a0Die Vereine freuen sich sehr, den Kindern diese tolle Woche bieten zu k\u00f6nnen. <br>Neben dem professionellen Training erhalten die Kids eine komplette Trainingsausr\u00fcstung, Verpflegung w\u00e4hrend des Tages, eine Trinkflasche und jede Menge weitere \u00dcberraschungen \u2013 und das alles zu einem top Preis-Leistungs-Verh\u00e4ltnis!<\/p>\n\n\n\n<p>Die Anmeldungen f\u00fcr die Jahrg\u00e4nge 2010 \u2013 2017 werden voraussichtlich ab Ende November unter <a href=\"https:\/\/www.audi-schanzer-fussballschule.de\/home\/\">www.audi-schanzer-fussballschule.de<\/a> m\u00f6glich sein \u2013 wir hoffen wieder auf zahlreiche Anmeldungen!<\/p>\n","protected":false},"excerpt":{"rendered":"<p>In den Sommerferien fand in Frasdorf ein Fu\u00dfballcamp in Zusammenarbeit mit der Audi Schanzer Fu\u00dfballschule des FC Ingolstadt 04 statt.Die fu\u00dfballbegeisterten Jungs und M\u00e4dchen \u00fcbten sich in Dribbling, Passspiel und Torschuss. Zur St\u00e4rkung wurden sie mittags von der Metzgerei Johann Bauer mit allerlei K\u00f6stlichkeiten versorgt. In der Pause standen auch [&hellip;]<\/p>\n","protected":false},"author":1,"featured_media":4274,"parent":0,"menu_order":0,"comment_status":"closed","ping_status":"closed","template":"","meta":{"ngg_post_thumbnail":0},"_links":{"self":[{"href":"http:\/\/www.scfrasdorf.de\/index.php\/wp-json\/wp\/v2\/pages\/4273"}],"collection":[{"href":"http:\/\/www.scfrasdorf.de\/index.php\/wp-json\/wp\/v2\/pages"}],"about":[{"href":"http:\/\/www.scfrasdorf.de\/index.php\/wp-json\/wp\/v2\/types\/page"}],"author":[{"embeddable":true,"href":"http:\/\/www.scfrasdorf.de\/index.php\/wp-json\/wp\/v2\/users\/1"}],"replies":[{"embeddable":true,"href":"http:\/\/www.scfrasdorf.de\/index.php\/wp-json\/wp\/v2\/comments?post=4273"}],"version-history":[{"count":1,"href":"http:\/\/www.scfrasdorf.de\/index.php\/wp-json\/wp\/v2\/pages\/4273\/revisions"}],"predecessor-version":[{"id":4276,"href":"http:\/\/www.scfrasdorf.de\/index.php\/wp-json\/wp\/v2\/pages\/4273\/revisions\/4276"}],"wp:featuredmedia":[{"embeddable":true,"href":"http:\/\/www.scfrasdorf.de\/index.php\/wp-json\/wp\/v2\/media\/4274"}],"wp:attachment":[{"href":"http:\/\/www.scfrasdorf.de\/index.php\/wp-json\/wp\/v2\/media?parent=4273"}],"curies":[{"name":"wp","href":"https:\/\/api.w.org\/{rel}","templated":true}]}}