{"id":1700,"date":"2019-07-16T13:38:19","date_gmt":"2019-07-16T11:38:19","guid":{"rendered":"http:\/\/www.scfrasdorf.huth.net\/?page_id=1700"},"modified":"2019-07-28T15:13:03","modified_gmt":"2019-07-28T13:13:03","slug":"fussballsommerturniere","status":"publish","type":"page","link":"http:\/\/www.scfrasdorf.de\/index.php\/fussballsommerturniere\/","title":{"rendered":"Fu\u00dfballsommerturniere"},"content":{"rendered":"\n<p>Fast allj\u00e4hrlich&nbsp;findet das nun schon traditionelle Sommerturnier der Frasdorfer Fu\u00dfballjugend statt. Neben ca. 11 eigenen Frasdorfer Mannschaften der Klassen F bis B, k\u00f6nnen wir jedes Mal ca. 40 Mannschaften mit Ihren Zuschauern aus den umliegenden Vereinen begr\u00fc\u00dfen. Alle ca. 500 Spielerinnen und Spieler erhalten Medaillen und Preise f\u00fcr Ihre tollen Wettk\u00e4mpfe und Spiele. <\/p>\n\n\n\n<p>Die Turniere und die darauffolgenden Saisonabschlussfeiern sind nur aufgrund der\u00a0vielen Sponsoren und Unterst\u00fctzer m\u00f6glich. An dieser Stelle gilt unser besonderer Dank\u00a0den flei\u00dfigen Helfern, die zum Gelingen\u00a0jedes Fu\u00dfballwochenendes beitragen!<\/p>\n\n\n\n<figure class=\"wp-block-image\"><img loading=\"lazy\" width=\"1024\" height=\"768\" src=\"http:\/\/www.scfrasdorf.huth.net\/wp-content\/uploads\/2019\/07\/IMG_5211-1024x768.jpg\" alt=\"\" class=\"wp-image-2724\" srcset=\"http:\/\/www.scfrasdorf.de\/wp-content\/uploads\/2019\/07\/IMG_5211-1024x768.jpg 1024w, http:\/\/www.scfrasdorf.de\/wp-content\/uploads\/2019\/07\/IMG_5211-300x225.jpg 300w, http:\/\/www.scfrasdorf.de\/wp-content\/uploads\/2019\/07\/IMG_5211-768x576.jpg 768w\" sizes=\"(max-width: 1024px) 100vw, 1024px\" \/><figcaption>Eine der vielen Mannschaften bei der Siegerehrung. Franz Berger \u00fcbergibt jedem Spieler eine Medaille.<\/figcaption><\/figure>\n","protected":false},"excerpt":{"rendered":"<p>Fast allj\u00e4hrlich&nbsp;findet das nun schon traditionelle Sommerturnier der Frasdorfer Fu\u00dfballjugend statt. Neben ca. 11 eigenen Frasdorfer Mannschaften der Klassen F bis B, k\u00f6nnen wir jedes Mal ca. 40 Mannschaften mit Ihren Zuschauern aus den umliegenden Vereinen begr\u00fc\u00dfen. Alle ca. 500 Spielerinnen und Spieler erhalten Medaillen und Preise f\u00fcr Ihre tollen [&hellip;]<\/p>\n","protected":false},"author":1,"featured_media":0,"parent":0,"menu_order":0,"comment_status":"closed","ping_status":"closed","template":"","meta":{"ngg_post_thumbnail":0},"_links":{"self":[{"href":"http:\/\/www.scfrasdorf.de\/index.php\/wp-json\/wp\/v2\/pages\/1700"}],"collection":[{"href":"http:\/\/www.scfrasdorf.de\/index.php\/wp-json\/wp\/v2\/pages"}],"about":[{"href":"http:\/\/www.scfrasdorf.de\/index.php\/wp-json\/wp\/v2\/types\/page"}],"author":[{"embeddable":true,"href":"http:\/\/www.scfrasdorf.de\/index.php\/wp-json\/wp\/v2\/users\/1"}],"replies":[{"embeddable":true,"href":"http:\/\/www.scfrasdorf.de\/index.php\/wp-json\/wp\/v2\/comments?post=1700"}],"version-history":[{"count":5,"href":"http:\/\/www.scfrasdorf.de\/index.php\/wp-json\/wp\/v2\/pages\/1700\/revisions"}],"predecessor-version":[{"id":2727,"href":"http:\/\/www.scfrasdorf.de\/index.php\/wp-json\/wp\/v2\/pages\/1700\/revisions\/2727"}],"wp:attachment":[{"href":"http:\/\/www.scfrasdorf.de\/index.php\/wp-json\/wp\/v2\/media?parent=1700"}],"curies":[{"name":"wp","href":"https:\/\/api.w.org\/{rel}","templated":true}]}}