{"id":144,"date":"2019-05-17T12:47:06","date_gmt":"2019-05-17T10:47:06","guid":{"rendered":"http:\/\/www.scfrasdorf.huth.net\/?page_id=144"},"modified":"2023-09-25T15:47:35","modified_gmt":"2023-09-25T13:47:35","slug":"impressum","status":"publish","type":"page","link":"http:\/\/www.scfrasdorf.de\/index.php\/kontakt\/impressum\/","title":{"rendered":"Impressum"},"content":{"rendered":"\n<h4>Copyrigt und Urheberrecht  <\/h4>\n\n\n\n<p>Die Inhalte dieser Website sind urheberrechtlich gesch\u00fctzt. Die Vervielf\u00e4ltigung oder Verwendung auch von Teilen des Inhaltes wie Grafiken, Bilder, Texte oder Textteile ist ohne ausdr\u00fcckliche schriftliche Zustimmung des Seitenbetreibers nicht gestattet. Hiervon ausgenommen sind Inhalte, die ausdr\u00fccklich f\u00fcr die Weiterverbreitung freigegeben sind.   <\/p>\n\n\n\n<h4>Haftungsausschluss<\/h4>\n\n\n\n<p>Mit Urteil vom 12. Mai 1998 hat das Landgericht Hamburg entschieden,dass man durch die Anbringung eines Links die Inhalte der verlinkten Seite ggf. mit zu verantworten hat. Dies kann, so das LG, nur dadurch verhindert werden, dass man sich ausdr\u00fccklich von diesen Inhalten distanziert.  <\/p>\n\n\n\n<p>Durch Klicken auf bestimmte Verweise (Hyperlinks) auf der Ski-Club Frasdorf-Website k\u00f6nnen Sie diese Website verlassen. Der Inhalt und die Ausgestaltung sowie etwaige \u00c4nderungen der Websites, auf die auf der Ski-Club Frasdorf-Website verwiesen wird, unterliegen nicht der Kontrolle oder dem Einfluss des SKi-Club Frasdorf. Der Ski-Club Frasdorf haftet daher nicht f\u00fcr den Inhalt einer fremden Website, auf die er auf seiner Website lediglich pauschal verweist, und auch nicht f\u00fcr auf solchen fremden Websites enthaltene Verweise auf andere Websites. <\/p>\n\n\n\n<p>Der SKi-Club Frasdorf hat alle Informationen und Bestandteile dieser Website nach bestem Wissen und Gewissen zusammengestellt. Dennoch haftet er nicht f\u00fcr die Vollst\u00e4ndigkeit, Richtigkeit, Aktualit\u00e4t und technische Exaktheit der auf dieser Website bereitgestellten Informationen. Ebenso wenig haftet der Ski-Club Frasdorf f\u00fcr etwaige Sch\u00e4den, die beim Aufrufen oder Herunterladen von Daten aus dieser Website durch Computerviren verursacht werden. Der Ski-Club Frasdorf beh\u00e4lt sich au\u00dferdem das Recht vor, jederzeit ohne vorherige Ank\u00fcndigung \u00c4nderungen oder Erg\u00e4nzungen der Informationen und Bestandteile dieser Website vorzunehmen.   <\/p>\n\n\n\n<p class=\"has-text-align-center\">Ski-Club Frasdorf e. V.   <br>1.Vorstand   <br>Dr. Andreas Wei\u00df <\/p>\n\n\n\n<p>Vereinskonto: Ski-Club Frasdorf, IBAN: DE91 7115 0000 0000 1773 37<\/p>\n\n\n\n<p><br><\/p>\n","protected":false},"excerpt":{"rendered":"<p>Copyrigt und Urheberrecht Die Inhalte dieser Website sind urheberrechtlich gesch\u00fctzt. Die Vervielf\u00e4ltigung oder Verwendung auch von Teilen des Inhaltes wie Grafiken, Bilder, Texte oder Textteile ist ohne ausdr\u00fcckliche schriftliche Zustimmung des Seitenbetreibers nicht gestattet. Hiervon ausgenommen sind Inhalte, die ausdr\u00fccklich f\u00fcr die Weiterverbreitung freigegeben sind. Haftungsausschluss Mit Urteil vom 12. [&hellip;]<\/p>\n","protected":false},"author":1,"featured_media":0,"parent":610,"menu_order":0,"comment_status":"closed","ping_status":"closed","template":"","meta":{"ngg_post_thumbnail":0},"_links":{"self":[{"href":"http:\/\/www.scfrasdorf.de\/index.php\/wp-json\/wp\/v2\/pages\/144"}],"collection":[{"href":"http:\/\/www.scfrasdorf.de\/index.php\/wp-json\/wp\/v2\/pages"}],"about":[{"href":"http:\/\/www.scfrasdorf.de\/index.php\/wp-json\/wp\/v2\/types\/page"}],"author":[{"embeddable":true,"href":"http:\/\/www.scfrasdorf.de\/index.php\/wp-json\/wp\/v2\/users\/1"}],"replies":[{"embeddable":true,"href":"http:\/\/www.scfrasdorf.de\/index.php\/wp-json\/wp\/v2\/comments?post=144"}],"version-history":[{"count":9,"href":"http:\/\/www.scfrasdorf.de\/index.php\/wp-json\/wp\/v2\/pages\/144\/revisions"}],"predecessor-version":[{"id":4559,"href":"http:\/\/www.scfrasdorf.de\/index.php\/wp-json\/wp\/v2\/pages\/144\/revisions\/4559"}],"up":[{"embeddable":true,"href":"http:\/\/www.scfrasdorf.de\/index.php\/wp-json\/wp\/v2\/pages\/610"}],"wp:attachment":[{"href":"http:\/\/www.scfrasdorf.de\/index.php\/wp-json\/wp\/v2\/media?parent=144"}],"curies":[{"name":"wp","href":"https:\/\/api.w.org\/{rel}","templated":true}]}}