{"id":1411,"date":"2019-06-27T08:55:02","date_gmt":"2019-06-27T06:55:02","guid":{"rendered":"http:\/\/www.scfrasdorf.huth.net\/?page_id=1411"},"modified":"2025-12-07T12:37:42","modified_gmt":"2025-12-07T11:37:42","slug":"turnen-kinderturnen","status":"publish","type":"page","link":"http:\/\/www.scfrasdorf.de\/index.php\/turnen-kinderturnen\/","title":{"rendered":"Turnen &#8211; Kinderturnen"},"content":{"rendered":"\n<p>&nbsp;&nbsp; <\/p>\n\n\n\n<p>   <\/p>\n\n\n\n<h4>Kinderturnen mit Begleitperson<\/h4>\n\n\n\n<figure class=\"wp-block-table is-style-stripes\"><table><tbody><tr><td>Alter:<\/td><td>zwischen&nbsp;3 und&nbsp;5 Jahre<br>(Stichtag 01. Oktober) <\/td><\/tr><tr><td>Zeit:<\/td><td>mittwochs <br>15.00 \u2013 16.00 Uhr <\/td><\/tr><tr><td>Ort:<\/td><td>Turnhalle Frasdorf<\/td><\/tr><tr><td>Mitbringen:<\/td><td>Hallenturnschuhe\/Stoppersocken,  <br>Trinken (in einer Trinkflasche) <\/td><\/tr><tr><td>\u00dcbungsleiterinnen:<\/td><td>Monika Zeilmann (erreichbar \u00fcber Whatsapp 0171\/2809253)<br>Regina Obholzer <\/td><\/tr><tr><td>Anmeldung:<\/td><td>Anmeldung erforderlich<br>Gruppengr\u00f6\u00dfe auf 12 Kinder beschr\u00e4nkt <br>Teilnahme des Kindes nur mit Bezugs-\/Begleitperson<\/td><\/tr><\/tbody><\/table><\/figure>\n\n\n\n<p>&nbsp;&nbsp;&nbsp;          <\/p>\n\n\n\n<p><strong>Information zu den Kursen:<\/strong><br>Es darf 2x geschnuppert werden, dann ist die Mitgliedschaft von Kind und Begleitperson im SC Frasdorf Voraussetzung zur weiteren Teilnahme (aus versicherungstechnischen Gr\u00fcnden). Ein Ausstieg unterhalb des Jahres ist nicht gew\u00fcnscht.<\/p>\n\n\n\n<p>.<\/p>\n\n\n\n<p><strong>Allgemeine Infos zur Anmeldung:<\/strong><\/p>\n\n\n\n<p>Kinder, die bereits&nbsp;im Vorjahr&nbsp;beim Kinderturnen teilgenommen haben, haben Vorrang auf eine weitere Teilnahme.<\/p>\n\n\n\n<p>Die\nTeilnahme an einem Kurs sollte dann f\u00fcr 1 Jahr erfolgen. Ausstieg unter dem\nJahr nur bei dringlichen Gr\u00fcnden.<\/p>\n\n\n\n<p>Bitte\nbringen Sie ihr Kind p\u00fcnktlich in die Turnhalle, damit die Stunde rechtzeitig\nbeginnen kann.<\/p>\n\n\n\n<p><\/p>\n\n\n\n<p><\/p>\n","protected":false},"excerpt":{"rendered":"<p>&nbsp;&nbsp; Kinderturnen mit Begleitperson Alter: zwischen&nbsp;3 und&nbsp;5 Jahre(Stichtag 01. Oktober) Zeit: mittwochs 15.00 \u2013 16.00 Uhr Ort: Turnhalle Frasdorf Mitbringen: Hallenturnschuhe\/Stoppersocken, Trinken (in einer Trinkflasche) \u00dcbungsleiterinnen: Monika Zeilmann (erreichbar \u00fcber Whatsapp 0171\/2809253)Regina Obholzer Anmeldung: Anmeldung erforderlichGruppengr\u00f6\u00dfe auf 12 Kinder beschr\u00e4nkt Teilnahme des Kindes nur mit Bezugs-\/Begleitperson &nbsp;&nbsp;&nbsp; Information zu den [&hellip;]<\/p>\n","protected":false},"author":1,"featured_media":0,"parent":0,"menu_order":0,"comment_status":"closed","ping_status":"closed","template":"","meta":{"ngg_post_thumbnail":0},"_links":{"self":[{"href":"http:\/\/www.scfrasdorf.de\/index.php\/wp-json\/wp\/v2\/pages\/1411"}],"collection":[{"href":"http:\/\/www.scfrasdorf.de\/index.php\/wp-json\/wp\/v2\/pages"}],"about":[{"href":"http:\/\/www.scfrasdorf.de\/index.php\/wp-json\/wp\/v2\/types\/page"}],"author":[{"embeddable":true,"href":"http:\/\/www.scfrasdorf.de\/index.php\/wp-json\/wp\/v2\/users\/1"}],"replies":[{"embeddable":true,"href":"http:\/\/www.scfrasdorf.de\/index.php\/wp-json\/wp\/v2\/comments?post=1411"}],"version-history":[{"count":45,"href":"http:\/\/www.scfrasdorf.de\/index.php\/wp-json\/wp\/v2\/pages\/1411\/revisions"}],"predecessor-version":[{"id":5152,"href":"http:\/\/www.scfrasdorf.de\/index.php\/wp-json\/wp\/v2\/pages\/1411\/revisions\/5152"}],"wp:attachment":[{"href":"http:\/\/www.scfrasdorf.de\/index.php\/wp-json\/wp\/v2\/media?parent=1411"}],"curies":[{"name":"wp","href":"https:\/\/api.w.org\/{rel}","templated":true}]}}