{"id":126,"date":"2019-05-17T12:28:01","date_gmt":"2019-05-17T10:28:01","guid":{"rendered":"http:\/\/www.scfrasdorf.huth.net\/?page_id=126"},"modified":"2025-12-03T20:51:47","modified_gmt":"2025-12-03T19:51:47","slug":"mitgliedschaft","status":"publish","type":"page","link":"http:\/\/www.scfrasdorf.de\/index.php\/mitgliedschaft\/","title":{"rendered":"Mitgliedschaft"},"content":{"rendered":"\n<p><\/p>\n\n\n\n<h3>Beitr\u00e4ge<\/h3>\n\n\n\n<p><strong>Jahresvereinsbeitr\u00e4ge des SC Frasdorf 2026 <\/strong><\/p>\n\n\n\n<figure class=\"wp-block-table is-style-stripes\"><table><tbody><tr><td>Erwachsene<\/td><td>28,00 \u20ac<\/td><\/tr><tr><td>Jugendliche (15 bis 18 Jahre) <\/td><td>18,00 \u20ac&nbsp; <\/td><\/tr><tr><td>Kinder bis 14 Jahre<\/td><td>&nbsp; 7,00 \u20ac<\/td><\/tr><tr><td>Familien (2 Erw.+ Kinder bis 14 J.)<\/td><td>56,00 \u20ac<\/td><\/tr><\/tbody><\/table><\/figure>\n\n\n\n<p><strong>Zus\u00e4tzlich<\/strong> erheben die Abteilung Fu\u00dfball, Tennis sowie Turnen eigene Spartenbeitr\u00e4ge. Diese k\u00f6nnen Sie hier einsehen:<\/p>\n\n\n\n<p><\/p>\n\n\n\n<h4><a href=\"http:\/\/www.scfrasdorf.de\/wp-content\/uploads\/2025\/12\/Mitgliedsbeitraege_2026.pdf\">Alle Beitr\u00e4ge auf einen Blick (pdf)<\/a><\/h4>\n\n\n\n<p><br><\/p>\n\n\n\n<p><\/p>\n\n\n\n<h3>Mitgliedsantrag<\/h3>\n\n\n\n<p><\/p>\n\n\n\n<p>Zum 01.01.2025 z\u00e4hlt der Verein 779 Mitglieder und ist damit der gr\u00f6\u00dfte Verein im Ort. Werden auch Sie Mitglied beim SC Frasdorf!<\/p>\n\n\n\n<h6>F\u00fcllen Sie den folgenden zweiseitigen Mitgliedsantrag vollst\u00e4ndig am PC oder per Ausdruck aus und senden ihn unterschrieben per Mail an <a href=\"mailto:mitglieder@scfrasdorf.de\">mitglieder@scfrasdorf.de<\/a>. <\/h6>\n\n\n\n<h4><a href=\"http:\/\/www.scfrasdorf.de\/wp-content\/uploads\/2025\/12\/SCF_Mitgliedsantrag_2026.pdf\">Mitgliedsantrag (pdf)<\/a><\/h4>\n\n\n\n<p><br><\/p>\n\n\n\n<p><\/p>\n","protected":false},"excerpt":{"rendered":"<p>Beitr\u00e4ge Jahresvereinsbeitr\u00e4ge des SC Frasdorf 2026 Erwachsene 28,00 \u20ac Jugendliche (15 bis 18 Jahre) 18,00 \u20ac&nbsp; Kinder bis 14 Jahre &nbsp; 7,00 \u20ac Familien (2 Erw.+ Kinder bis 14 J.) 56,00 \u20ac Zus\u00e4tzlich erheben die Abteilung Fu\u00dfball, Tennis sowie Turnen eigene Spartenbeitr\u00e4ge. Diese k\u00f6nnen Sie hier einsehen: Alle Beitr\u00e4ge auf [&hellip;]<\/p>\n","protected":false},"author":1,"featured_media":0,"parent":0,"menu_order":0,"comment_status":"closed","ping_status":"closed","template":"","meta":{"ngg_post_thumbnail":0},"_links":{"self":[{"href":"http:\/\/www.scfrasdorf.de\/index.php\/wp-json\/wp\/v2\/pages\/126"}],"collection":[{"href":"http:\/\/www.scfrasdorf.de\/index.php\/wp-json\/wp\/v2\/pages"}],"about":[{"href":"http:\/\/www.scfrasdorf.de\/index.php\/wp-json\/wp\/v2\/types\/page"}],"author":[{"embeddable":true,"href":"http:\/\/www.scfrasdorf.de\/index.php\/wp-json\/wp\/v2\/users\/1"}],"replies":[{"embeddable":true,"href":"http:\/\/www.scfrasdorf.de\/index.php\/wp-json\/wp\/v2\/comments?post=126"}],"version-history":[{"count":38,"href":"http:\/\/www.scfrasdorf.de\/index.php\/wp-json\/wp\/v2\/pages\/126\/revisions"}],"predecessor-version":[{"id":5149,"href":"http:\/\/www.scfrasdorf.de\/index.php\/wp-json\/wp\/v2\/pages\/126\/revisions\/5149"}],"wp:attachment":[{"href":"http:\/\/www.scfrasdorf.de\/index.php\/wp-json\/wp\/v2\/media?parent=126"}],"curies":[{"name":"wp","href":"https:\/\/api.w.org\/{rel}","templated":true}]}}