{"id":121,"date":"2019-05-17T12:25:28","date_gmt":"2019-05-17T10:25:28","guid":{"rendered":"http:\/\/www.scfrasdorf.huth.net\/?page_id=121"},"modified":"2025-11-02T13:55:12","modified_gmt":"2025-11-02T12:55:12","slug":"sportanlage","status":"publish","type":"page","link":"http:\/\/www.scfrasdorf.de\/index.php\/sportanlage\/","title":{"rendered":"Sportanlage"},"content":{"rendered":"\n<h5>Unsere Sportanlage finden Sie hier:<\/h5>\n\n\n\n<div class=\"wp-block-image\"><figure class=\"alignright is-resized\"><img loading=\"lazy\" src=\"http:\/\/www.scfrasdorf.huth.net\/wp-content\/uploads\/2019\/08\/P1340790-1024x768.jpg\" alt=\"\" class=\"wp-image-2976\" width=\"394\" height=\"295\" srcset=\"http:\/\/www.scfrasdorf.de\/wp-content\/uploads\/2019\/08\/P1340790-1024x768.jpg 1024w, http:\/\/www.scfrasdorf.de\/wp-content\/uploads\/2019\/08\/P1340790-300x225.jpg 300w, http:\/\/www.scfrasdorf.de\/wp-content\/uploads\/2019\/08\/P1340790-768x576.jpg 768w\" sizes=\"(max-width: 394px) 100vw, 394px\" \/><\/figure><\/div>\n\n\n\n<p>Sportheim SC Frasdorf<\/p>\n\n\n\n<p>Aschauer Stra\u00dfe<br>83112 Frasdorf<\/p>\n\n\n\n<p>Tel. 08052\/5111<\/p>\n\n\n\n<p><strong>Anfahrtsbeschreibung finden Sie <a href=\"http:\/\/www.scfrasdorf.huth.net\/index.php\/anfahrt\/\">hier<\/a>.<\/strong><br><br>Es befinden sich ausreichend Parkpl\u00e4tze vor Ort (auf der gegen\u00fcberliegenden Stra\u00dfenseite). <\/p>\n\n\n\n<p><br><\/p>\n\n\n\n<h5>P\u00e4chter der Sportheimwirtschaft:     &nbsp;<\/h5>\n\n\n\n<p>\u00d6ffnungszeiten:  <\/p>\n\n\n\n<p>Das Sportheim ist aktuell nicht ge\u00f6ffnet.<\/p>\n\n\n\n<p><\/p>\n\n\n\n<p><\/p>\n\n\n\n<p><\/p>\n\n\n\n<p><strong>Neue Flutlichtanlage<\/strong><\/p>\n\n\n\n<p>Die drei Fu\u00dfballpl\u00e4tze wurden mit einer neuen Flutlichtanlage ausgestattet. <br><a href=\"http:\/\/www.scfrasdorf.de\/index.php\/umruestung-der-flutlichtanlage\/\">Ganzen Bericht hier lesen<\/a>.<\/p>\n","protected":false},"excerpt":{"rendered":"<p>Unsere Sportanlage finden Sie hier: Sportheim SC Frasdorf Aschauer Stra\u00dfe83112 Frasdorf Tel. 08052\/5111 Anfahrtsbeschreibung finden Sie hier. Es befinden sich ausreichend Parkpl\u00e4tze vor Ort (auf der gegen\u00fcberliegenden Stra\u00dfenseite). P\u00e4chter der Sportheimwirtschaft: &nbsp; \u00d6ffnungszeiten: Das Sportheim ist aktuell nicht ge\u00f6ffnet. Neue Flutlichtanlage Die drei Fu\u00dfballpl\u00e4tze wurden mit einer neuen Flutlichtanlage ausgestattet. [&hellip;]<\/p>\n","protected":false},"author":1,"featured_media":0,"parent":0,"menu_order":0,"comment_status":"closed","ping_status":"closed","template":"","meta":{"ngg_post_thumbnail":0},"_links":{"self":[{"href":"http:\/\/www.scfrasdorf.de\/index.php\/wp-json\/wp\/v2\/pages\/121"}],"collection":[{"href":"http:\/\/www.scfrasdorf.de\/index.php\/wp-json\/wp\/v2\/pages"}],"about":[{"href":"http:\/\/www.scfrasdorf.de\/index.php\/wp-json\/wp\/v2\/types\/page"}],"author":[{"embeddable":true,"href":"http:\/\/www.scfrasdorf.de\/index.php\/wp-json\/wp\/v2\/users\/1"}],"replies":[{"embeddable":true,"href":"http:\/\/www.scfrasdorf.de\/index.php\/wp-json\/wp\/v2\/comments?post=121"}],"version-history":[{"count":35,"href":"http:\/\/www.scfrasdorf.de\/index.php\/wp-json\/wp\/v2\/pages\/121\/revisions"}],"predecessor-version":[{"id":5091,"href":"http:\/\/www.scfrasdorf.de\/index.php\/wp-json\/wp\/v2\/pages\/121\/revisions\/5091"}],"wp:attachment":[{"href":"http:\/\/www.scfrasdorf.de\/index.php\/wp-json\/wp\/v2\/media?parent=121"}],"curies":[{"name":"wp","href":"https:\/\/api.w.org\/{rel}","templated":true}]}}